{"id":485,"date":"2023-01-12T15:51:13","date_gmt":"2023-01-12T14:51:13","guid":{"rendered":"https:\/\/aiazzone.ticvisualart.a2hosted.com\/?post_type=product&#038;p=485"},"modified":"2023-01-20T16:34:24","modified_gmt":"2023-01-20T15:34:24","slug":"overland","status":"publish","type":"product","link":"https:\/\/aiazzone1950.com\/tr\/negozio\/ambienti\/living\/divani\/overland\/","title":{"rendered":"Overland"},"content":{"rendered":"<div>\n<p>&nbsp;Parola d\u2019ordine: versatilit\u00e0<\/p>\n<\/div>\n<h2><span style=\"font-weight: 400;\">Overland \u00e8 il divano chaise longue letto per eccellenza: comodo, pratico, funzionale.<\/span><\/h2>\n<ul>\n<li>\n<p>        <img decoding=\"async\" src=\"\/wp-content\/uploads\/2023\/01\/aiazzone_shop_divani_letto_overland_05.jpg\" alt=\"aiazzone shop | catalogo | divani letto | overland, ambientazione\"><\/p>\n<h2>Stile<\/h2>\n<div>\n<p>Overland \u00e8 il divano chaise longue letto per eccellenza: comodo, pratico, funzionale. Dalle linee pulite ed essenziali, il divano letto Overland \u00e8 la soluzione ideale anche per chi ha poco spazio in casa. Un divano versatile che soddisfa ogni tipo di esigenza, dai momenti di relax all\u2019organizzazione casalinga grazie al comodo contenitore.<\/p>\n<\/div>\n<\/li>\n<li>\n<p>        <img decoding=\"async\" src=\"\/wp-content\/uploads\/2023\/01\/aiazzone_shop_divani_letto_overland_02.jpg\" alt=\"aiazzone shop | catalogo | divani letto | overland, vista frontale contenitore\"><\/p>\n<h2>Struttura<\/h2>\n<div>Il divano letto Overland ha una struttura solida e robusta in grado di garantire il comfort pi\u00f9 assoluto.<br \/>\nRealizzato con materiali di qualit\u00e0, si adatta perfettamente a qualsiasi tipo di arredamento, classico o moderno.\n<\/div>\n<\/li>\n<li>\n<p>        <img decoding=\"async\" src=\"\/wp-content\/uploads\/2023\/01\/aiazzone_shop_divani_letto_overland_03.jpg\" alt=\"aiazzone shop | catalogo | divani letto | overland, vista frontale contenitori\"><\/p>\n<h2>Dettagli<\/h2>\n<div>Braccioli ampi ed ergonomici, poggiatesta reclinabili, seduta spaziosa.<br \/>\nPersonalizzabile: puoi scegliere di aggiungere un vano contenitore per avere sempre tutto in ordine e a portata di mano.\n<\/div>\n<\/li>\n<\/ul>\n<h2>Caratteristiche tecniche:<\/h2>\n<div>\n<p>Misure: L. 308 x P. 112\/166 x H. 95 cm<\/p>\n<\/div>\n<h2>Informazioni:<\/h2>\n<div>\n<p>Per informazioni sui nostri prodotti, sulla procedura di acquisto e sui tuoi ordini puoi contattarci alla mail: <a href=\"mailto:commercialeitalia@aiazzone1950.com\">commercialeitalia@aiazzone1950.com<\/a><\/p>\n<\/div>\n<p><img decoding=\"async\" src=\"\/wp-content\/uploads\/2023\/01\/aiazzone_shop_made_in_italy_logo.png\" alt=\"mobili made in italy | aiazzone | catalogo online\"><\/p>\n<h1>Altri prodotti<\/h1>\n<div>\n<\/div>\n<p><!--more--><br \/>\n<!-- {\"type\":\"layout\",\"children\":[{\"type\":\"section\",\"props\":{\"header_transparent\":\"light\",\"header_transparent_noplaceholder\":true,\"image_position\":\"center-center\",\"padding_remove_bottom\":true,\"padding_remove_top\":true,\"style\":\"default\",\"title_breakpoint\":\"xl\",\"title_position\":\"top-left\",\"title_rotation\":\"left\",\"vertical_align\":\"middle\",\"width\":\"\"},\"children\":[{\"type\":\"row\",\"props\":{\"class\":\"uk-visible@s\"},\"children\":[{\"type\":\"column\",\"props\":{\"image_position\":\"center-center\",\"media_overlay_gradient\":\"\",\"position_sticky_breakpoint\":\"m\"},\"children\":[{\"type\":\"overlay-slider\",\"props\":{\"container_padding_remove\":true,\"image_height\":\"700\",\"link_style\":\"default\",\"link_text\":\"Read more\",\"margin\":\"default\",\"margin_remove_top\":false,\"meta_align\":\"below-title\",\"meta_element\":\"div\",\"meta_margin\":\"small\",\"meta_style\":\"h4\",\"nav\":\"\",\"nav_align\":\"center\",\"nav_breakpoint\":\"s\",\"overlay_mode\":\"caption\",\"overlay_padding\":\"large\",\"overlay_position\":\"bottom-left\",\"overlay_transition\":\"fade\",\"show_content\":true,\"show_hover_image\":true,\"show_link\":true,\"show_meta\":true,\"show_title\":true,\"slidenav\":\"\",\"slidenav_breakpoint\":\"s\",\"slidenav_margin\":\"medium\",\"slidenav_outside_breakpoint\":\"xl\",\"slider_autoplay_pause\":true,\"slider_gap\":\"default\",\"slider_height\":\"full\",\"slider_min_height\":\"\",\"slider_width\":\"fixed\",\"slider_width_default\":\"1-1\",\"slider_width_medium\":\"1-1\",\"text_align\":\"left\",\"text_color\":\"light\",\"title_element\":\"h3\",\"title_hover_style\":\"reset\",\"title_style\":\"heading-large\"},\"children\":[{\"type\":\"overlay-slider_item\",\"props\":{\"meta\":\"&nbsp;Parola d\\u2019ordine: versatilit\\u00e0\"},\"source\":{\"query\":{\"name\":\"products.singleProduct\"},\"props\":{\"image\":{\"filters\":{\"search\":\"\"},\"name\":\"featuredImage.url\"},\"title\":{\"filters\":{\"search\":\"\"},\"name\":\"title\"}}}}]}]}]},{\"type\":\"row\",\"props\":{\"class\":\"uk-hidden@s\"},\"children\":[{\"type\":\"column\",\"props\":{\"image_position\":\"center-center\",\"media_overlay_gradient\":\"\",\"position_sticky_breakpoint\":\"m\"},\"children\":[{\"type\":\"image\",\"props\":{\"image_svg_color\":\"emphasis\",\"margin\":\"default\"},\"source\":{\"query\":{\"name\":\"products.singleProduct\"},\"props\":{\"_condition\":{\"filters\":{\"condition\":\"!!\"},\"name\":\"featuredImage.url\"},\"image\":{\"filters\":{\"search\":\"\"},\"name\":\"featuredImage.url\"}}}},{\"type\":\"headline\",\"props\":{\"margin_remove_bottom\":true,\"text_align\":\"center\",\"title_element\":\"h1\",\"title_style\":\"heading-medium\"},\"source\":{\"query\":{\"name\":\"products.singleProduct\"},\"props\":{\"content\":{\"filters\":{\"search\":\"\"},\"name\":\"title\"}}}}]}]}],\"name\":\"Hero\"},{\"type\":\"section\",\"props\":{\"image_position\":\"center-center\",\"style\":\"default\",\"title_breakpoint\":\"xl\",\"title_position\":\"top-left\",\"title_rotation\":\"left\",\"vertical_align\":\"middle\",\"width\":\"default\"},\"children\":[{\"type\":\"row\",\"children\":[{\"type\":\"column\",\"props\":{\"image_position\":\"center-center\",\"media_overlay_gradient\":\"\",\"position_sticky_breakpoint\":\"m\"},\"children\":[{\"type\":\"headline\",\"props\":{\"content\":\"<span style=\\\"font-weight: 400;\\\">Overland \\u00e8 il divano chaise longue letto per eccellenza: comodo, pratico, funzionale.<\\\/span>\",\"text_align\":\"center\",\"title_color\":\"primary\",\"title_element\":\"h2\",\"title_style\":\"h3\"}}]}]}]},{\"type\":\"section\",\"props\":{\"image_position\":\"center-center\",\"style\":\"muted\",\"title_breakpoint\":\"xl\",\"title_position\":\"top-left\",\"title_rotation\":\"left\",\"vertical_align\":\"middle\",\"width\":\"default\"},\"children\":[{\"type\":\"row\",\"children\":[{\"type\":\"column\",\"props\":{\"image_position\":\"center-center\",\"media_overlay_gradient\":\"\",\"position_sticky_breakpoint\":\"m\"},\"children\":[{\"type\":\"breadcrumbs\",\"props\":{\"show_current\":true,\"show_home\":true}}]}]},{\"type\":\"row\",\"children\":[{\"type\":\"column\",\"props\":{\"image_position\":\"center-center\",\"media_overlay_gradient\":\"\",\"position_sticky_breakpoint\":\"m\"},\"children\":[{\"type\":\"grid\",\"props\":{\"content_column_breakpoint\":\"m\",\"filter_align\":\"left\",\"filter_all\":true,\"filter_grid_breakpoint\":\"m\",\"filter_grid_width\":\"auto\",\"filter_position\":\"top\",\"filter_style\":\"tab\",\"grid_default\":\"1\",\"grid_medium\":\"3\",\"icon_width\":80,\"image_align\":\"top\",\"image_grid_breakpoint\":\"m\",\"image_grid_width\":\"1-2\",\"image_svg_color\":\"emphasis\",\"item_animation\":true,\"link_style\":\"default\",\"link_text\":\"Read more\",\"margin\":\"default\",\"meta_align\":\"below-title\",\"meta_element\":\"div\",\"meta_style\":\"text-meta\",\"show_content\":true,\"show_image\":true,\"show_link\":true,\"show_meta\":true,\"show_title\":true,\"title_align\":\"top\",\"title_element\":\"h2\",\"title_grid_breakpoint\":\"m\",\"title_grid_width\":\"1-2\",\"title_hover_style\":\"reset\"},\"children\":[{\"type\":\"grid_item\",\"props\":{\"content\":\"\n\n<p>Overland \\u00e8 il divano chaise longue letto per eccellenza: comodo, pratico, funzionale. Dalle linee pulite ed essenziali, il divano letto Overland \\u00e8 la soluzione ideale anche per chi ha poco spazio in casa. Un divano versatile che soddisfa ogni tipo di esigenza, dai momenti di relax all\\u2019organizzazione casalinga grazie al comodo contenitore.<\\\/p>\",\"image\":\"wp-content\\\/uploads\\\/2023\\\/01\\\/aiazzone_shop_divani_letto_overland_05.jpg\",\"image_alt\":\"aiazzone shop | catalogo | divani letto | overland, ambientazione\",\"title\":\"Stile\"}},{\"type\":\"grid_item\",\"props\":{\"content\":\"Il divano letto Overland ha una struttura solida e robusta in grado di garantire il comfort pi\\u00f9 assoluto.\\nRealizzato con materiali di qualit\\u00e0, si adatta perfettamente a qualsiasi tipo di arredamento, classico o moderno.\\n\",\"image\":\"wp-content\\\/uploads\\\/2023\\\/01\\\/aiazzone_shop_divani_letto_overland_02.jpg\",\"image_alt\":\"aiazzone shop | catalogo | divani letto | overland, vista frontale contenitore\",\"title\":\"Struttura\"}},{\"type\":\"grid_item\",\"props\":{\"content\":\"Braccioli ampi ed ergonomici, poggiatesta reclinabili, seduta spaziosa.\\nPersonalizzabile: puoi scegliere di aggiungere un vano contenitore per avere sempre tutto in ordine e a portata di mano.\\n\",\"image\":\"wp-content\\\/uploads\\\/2023\\\/01\\\/aiazzone_shop_divani_letto_overland_03.jpg\",\"image_alt\":\"aiazzone shop | catalogo | divani letto | overland, vista frontale contenitori\",\"title\":\"Dettagli\"}}]}]}]}]},{\"type\":\"section\",\"props\":{\"image_position\":\"center-center\",\"padding_remove_bottom\":true,\"style\":\"default\",\"title_breakpoint\":\"xl\",\"title_position\":\"top-left\",\"title_rotation\":\"left\",\"vertical_align\":\"middle\",\"width\":\"default\"},\"children\":[{\"type\":\"row\",\"props\":{\"layout\":\"1-2,1-2\"},\"children\":[{\"type\":\"column\",\"props\":{\"image_position\":\"center-center\",\"media_overlay_gradient\":\"\",\"position_sticky_breakpoint\":\"m\",\"width_medium\":\"1-2\"},\"children\":[{\"type\":\"woo_images\"}]},{\"type\":\"column\",\"props\":{\"image_position\":\"center-center\",\"media_overlay_gradient\":\"\",\"position_sticky_breakpoint\":\"m\",\"width_medium\":\"1-2\"},\"children\":[{\"type\":\"headline\",\"props\":{\"content\":\"Caratteristiche tecniche:\",\"title_element\":\"h2\",\"title_style\":\"h3\"}},{\"type\":\"text\",\"props\":{\"column_breakpoint\":\"m\",\"content\":\"\n\n<p>Misure: L. 308 x P. 112\\\/166 x H. 95 cm<\\\/p>\",\"margin\":\"default\"}},{\"type\":\"headline\",\"props\":{\"content\":\"Informazioni:\",\"title_element\":\"h2\",\"title_style\":\"h3\"}},{\"type\":\"text\",\"props\":{\"column_breakpoint\":\"m\",\"content\":\"\n\n<p>Per informazioni sui nostri prodotti, sulla procedura di acquisto e sui tuoi ordini puoi contattarci alla mail: <a href=\\\"mailto:commercialeitalia@aiazzone1950.com\\\">commercialeitalia@aiazzone1950.com<\\\/a><\\\/p>\",\"margin\":\"default\"}},{\"type\":\"image\",\"props\":{\"block_align_breakpoint\":\"s\",\"block_align_fallback\":\"center\",\"image\":\"wp-content\\\/uploads\\\/2023\\\/01\\\/aiazzone_shop_made_in_italy_logo.png\",\"image_alt\":\"mobili made in italy | aiazzone | catalogo online\",\"image_svg_color\":\"emphasis\",\"image_width\":\"250px\",\"margin\":\"default\",\"margin_remove_bottom\":false,\"maxwidth\":\"large\",\"maxwidth_breakpoint\":\"m\",\"text_align\":\"left\",\"text_align_breakpoint\":\"m\",\"text_align_fallback\":\"center\"},\"name\":\"logo_made_in_italy\"}]}]}]},{\"type\":\"section\",\"props\":{\"image_position\":\"center-center\",\"style\":\"default\",\"title_breakpoint\":\"xl\",\"title_position\":\"top-left\",\"title_rotation\":\"left\",\"vertical_align\":\"middle\",\"width\":\"default\"},\"children\":[{\"type\":\"row\",\"children\":[{\"type\":\"column\",\"props\":{\"image_position\":\"center-center\",\"media_overlay_gradient\":\"\",\"position_sticky_breakpoint\":\"m\"},\"children\":[{\"type\":\"headline\",\"props\":{\"content\":\"Altri prodotti\",\"title_element\":\"h1\",\"title_style\":\"h3\"}},{\"type\":\"grid\",\"props\":{\"content_column_breakpoint\":\"m\",\"css\":\".el-image{\\n    height: 250px !important;\\n    object-fit: cover;\\n}\",\"filter_align\":\"left\",\"filter_all\":true,\"filter_grid_breakpoint\":\"m\",\"filter_grid_width\":\"auto\",\"filter_position\":\"top\",\"filter_style\":\"tab\",\"grid_default\":\"1\",\"grid_medium\":\"4\",\"icon_width\":80,\"image_align\":\"top\",\"image_grid_breakpoint\":\"m\",\"image_grid_width\":\"1-2\",\"image_link\":true,\"image_svg_color\":\"emphasis\",\"item_animation\":true,\"link_style\":\"default\",\"link_text\":\"\",\"margin\":\"default\",\"meta_align\":\"below-title\",\"meta_element\":\"div\",\"meta_style\":\"text-meta\",\"panel_link\":true,\"show_content\":true,\"show_image\":true,\"show_link\":true,\"show_meta\":true,\"show_title\":true,\"title_align\":\"top\",\"title_color\":\"primary\",\"title_element\":\"h3\",\"title_grid_breakpoint\":\"m\",\"title_grid_width\":\"1-2\",\"title_hover_style\":\"reset\",\"title_margin\":\"small\",\"title_style\":\"h4\"},\"children\":[{\"type\":\"grid_item\",\"source\":{\"query\":{\"name\":\"products.customProducts\",\"arguments\":{\"terms\":[25],\"product_cat_operator\":\"IN\",\"product_tag_operator\":\"IN\",\"product_visibility_operator\":\"IN\",\"users\":[],\"users_operator\":\"IN\",\"offset\":0,\"limit\":4,\"order\":\"rand\",\"order_direction\":\"DESC\"}},\"props\":{\"title\":{\"filters\":{\"search\":\"\"},\"name\":\"title\"},\"image\":{\"filters\":{\"search\":\"\"},\"name\":\"featuredImage.url\"},\"link\":{\"filters\":{\"search\":\"\"},\"name\":\"link\"}}}}]}]}]}],\"name\":\"altri prodotti random stessa categoria\"}],\"version\":\"3.0.21\"} --><\/p>\n","protected":false},"excerpt":{"rendered":"<p>&nbsp;Parola d\u2019ordine: versatilit\u00e0 Overland \u00e8 il divano chaise longue letto per eccellenza: comodo, pratico, funzionale. Stile Overland \u00e8 il divano chaise longue letto per eccellenza: comodo, pratico, funzionale. Dalle linee pulite ed essenziali, il divano letto Overland \u00e8 la soluzione ideale anche per chi ha poco spazio in casa. Un divano versatile che soddisfa ogni [&hellip;]<\/p>\n","protected":false},"featured_media":487,"comment_status":"open","ping_status":"closed","template":"","meta":[],"product_cat":[21,23,26,25,24],"product_tag":[67],"class_list":["post-485","product","type-product","status-publish","has-post-thumbnail","hentry","product_cat-ambienti","product_cat-divani","product_cat-divani-contenitore","product_cat-divani-letto","product_cat-living","product_tag-divani"],"yoast_head":"<!-- This site is optimized with the Yoast SEO plugin v19.14 - https:\/\/yoast.com\/wordpress\/plugins\/seo\/ -->\n<title>Overland | Divani letto | Aiazzone<\/title>\n<meta name=\"description\" content=\"Overland \u00e8 il divano chaise longue letto per eccellenza: comodo, pratico, funzionale: la soluzione ideale anche per chi ha poco spazio in casa.\" \/>\n<meta name=\"robots\" content=\"index, follow, max-snippet:-1, max-image-preview:large, max-video-preview:-1\" \/>\n<link rel=\"canonical\" href=\"https:\/\/aiazzone1950.com\/negozio\/ambienti\/living\/divani\/overland\/\" \/>\n<meta property=\"og:locale\" content=\"tr_TR\" \/>\n<meta property=\"og:type\" content=\"article\" \/>\n<meta property=\"og:title\" content=\"Overland | Divani letto | Aiazzone\" \/>\n<meta property=\"og:description\" content=\"Overland \u00e8 il divano chaise longue letto per eccellenza: comodo, pratico, funzionale: la soluzione ideale anche per chi ha poco spazio in casa.\" \/>\n<meta property=\"og:url\" content=\"https:\/\/aiazzone1950.com\/negozio\/ambienti\/living\/divani\/overland\/\" \/>\n<meta property=\"og:site_name\" content=\"Aiazzone\" \/>\n<meta property=\"article:publisher\" content=\"https:\/\/www.facebook.com\/aiazzone1950\" \/>\n<meta property=\"article:modified_time\" content=\"2023-01-20T15:34:24+00:00\" \/>\n<meta property=\"og:image\" content=\"https:\/\/aiazzone1950.com\/wp-content\/uploads\/2023\/01\/aiazzone_shop_divani_letto_overland_01-1.jpg\" \/>\n\t<meta property=\"og:image:width\" content=\"2500\" \/>\n\t<meta property=\"og:image:height\" content=\"1313\" \/>\n\t<meta property=\"og:image:type\" content=\"image\/jpeg\" \/>\n<meta name=\"twitter:card\" content=\"summary_large_image\" \/>\n<meta name=\"twitter:label1\" content=\"Tahmini okuma s\u00fcresi\" \/>\n\t<meta name=\"twitter:data1\" content=\"3 dakika\" \/>\n<script type=\"application\/ld+json\" class=\"yoast-schema-graph\">{\"@context\":\"https:\/\/schema.org\",\"@graph\":[{\"@type\":\"WebPage\",\"@id\":\"https:\/\/aiazzone1950.com\/negozio\/ambienti\/living\/divani\/overland\/\",\"url\":\"https:\/\/aiazzone1950.com\/negozio\/ambienti\/living\/divani\/overland\/\",\"name\":\"Overland | Divani letto | Aiazzone\",\"isPartOf\":{\"@id\":\"https:\/\/aiazzone1950.com\/#website\"},\"datePublished\":\"2023-01-12T14:51:13+00:00\",\"dateModified\":\"2023-01-20T15:34:24+00:00\",\"description\":\"Overland \u00e8 il divano chaise longue letto per eccellenza: comodo, pratico, funzionale: la soluzione ideale anche per chi ha poco spazio in casa.\",\"breadcrumb\":{\"@id\":\"https:\/\/aiazzone1950.com\/negozio\/ambienti\/living\/divani\/overland\/#breadcrumb\"},\"inLanguage\":\"tr\",\"potentialAction\":[{\"@type\":\"ReadAction\",\"target\":[\"https:\/\/aiazzone1950.com\/negozio\/ambienti\/living\/divani\/overland\/\"]}]},{\"@type\":\"BreadcrumbList\",\"@id\":\"https:\/\/aiazzone1950.com\/negozio\/ambienti\/living\/divani\/overland\/#breadcrumb\",\"itemListElement\":[{\"@type\":\"ListItem\",\"position\":1,\"name\":\"Home\",\"item\":\"https:\/\/aiazzone1950.com\/\"},{\"@type\":\"ListItem\",\"position\":2,\"name\":\"Catalogo\",\"item\":\"https:\/\/aiazzone1950.com\/negozio\/\"},{\"@type\":\"ListItem\",\"position\":3,\"name\":\"Overland\"}]},{\"@type\":\"WebSite\",\"@id\":\"https:\/\/aiazzone1950.com\/#website\",\"url\":\"https:\/\/aiazzone1950.com\/\",\"name\":\"Aiazzone\",\"description\":\"Provare per credere\",\"publisher\":{\"@id\":\"https:\/\/aiazzone1950.com\/#organization\"},\"potentialAction\":[{\"@type\":\"SearchAction\",\"target\":{\"@type\":\"EntryPoint\",\"urlTemplate\":\"https:\/\/aiazzone1950.com\/?s={search_term_string}\"},\"query-input\":\"required name=search_term_string\"}],\"inLanguage\":\"tr\"},{\"@type\":\"Organization\",\"@id\":\"https:\/\/aiazzone1950.com\/#organization\",\"name\":\"Aiazzone\",\"url\":\"https:\/\/aiazzone1950.com\/\",\"logo\":{\"@type\":\"ImageObject\",\"inLanguage\":\"tr\",\"@id\":\"https:\/\/aiazzone1950.com\/#\/schema\/logo\/image\/\",\"url\":\"https:\/\/aiazzone1950.com\/wp-content\/uploads\/2022\/10\/LogoAiazzone.svg\",\"contentUrl\":\"https:\/\/aiazzone1950.com\/wp-content\/uploads\/2022\/10\/LogoAiazzone.svg\",\"caption\":\"Aiazzone\"},\"image\":{\"@id\":\"https:\/\/aiazzone1950.com\/#\/schema\/logo\/image\/\"},\"sameAs\":[\"https:\/\/www.instagram.com\/aiazzone1950\/\",\"https:\/\/www.facebook.com\/aiazzone1950\"]}]}<\/script>\n<!-- \/ Yoast SEO plugin. -->","yoast_head_json":{"title":"Overland | Divani letto | Aiazzone","description":"Overland \u00e8 il divano chaise longue letto per eccellenza: comodo, pratico, funzionale: la soluzione ideale anche per chi ha poco spazio in casa.","robots":{"index":"index","follow":"follow","max-snippet":"max-snippet:-1","max-image-preview":"max-image-preview:large","max-video-preview":"max-video-preview:-1"},"canonical":"https:\/\/aiazzone1950.com\/negozio\/ambienti\/living\/divani\/overland\/","og_locale":"tr_TR","og_type":"article","og_title":"Overland | Divani letto | Aiazzone","og_description":"Overland \u00e8 il divano chaise longue letto per eccellenza: comodo, pratico, funzionale: la soluzione ideale anche per chi ha poco spazio in casa.","og_url":"https:\/\/aiazzone1950.com\/negozio\/ambienti\/living\/divani\/overland\/","og_site_name":"Aiazzone","article_publisher":"https:\/\/www.facebook.com\/aiazzone1950","article_modified_time":"2023-01-20T15:34:24+00:00","og_image":[{"width":2500,"height":1313,"url":"https:\/\/aiazzone1950.com\/wp-content\/uploads\/2023\/01\/aiazzone_shop_divani_letto_overland_01-1.jpg","type":"image\/jpeg"}],"twitter_card":"summary_large_image","twitter_misc":{"Tahmini okuma s\u00fcresi":"3 dakika"},"schema":{"@context":"https:\/\/schema.org","@graph":[{"@type":"WebPage","@id":"https:\/\/aiazzone1950.com\/negozio\/ambienti\/living\/divani\/overland\/","url":"https:\/\/aiazzone1950.com\/negozio\/ambienti\/living\/divani\/overland\/","name":"Overland | Divani letto | Aiazzone","isPartOf":{"@id":"https:\/\/aiazzone1950.com\/#website"},"datePublished":"2023-01-12T14:51:13+00:00","dateModified":"2023-01-20T15:34:24+00:00","description":"Overland \u00e8 il divano chaise longue letto per eccellenza: comodo, pratico, funzionale: la soluzione ideale anche per chi ha poco spazio in casa.","breadcrumb":{"@id":"https:\/\/aiazzone1950.com\/negozio\/ambienti\/living\/divani\/overland\/#breadcrumb"},"inLanguage":"tr","potentialAction":[{"@type":"ReadAction","target":["https:\/\/aiazzone1950.com\/negozio\/ambienti\/living\/divani\/overland\/"]}]},{"@type":"BreadcrumbList","@id":"https:\/\/aiazzone1950.com\/negozio\/ambienti\/living\/divani\/overland\/#breadcrumb","itemListElement":[{"@type":"ListItem","position":1,"name":"Home","item":"https:\/\/aiazzone1950.com\/"},{"@type":"ListItem","position":2,"name":"Catalogo","item":"https:\/\/aiazzone1950.com\/negozio\/"},{"@type":"ListItem","position":3,"name":"Overland"}]},{"@type":"WebSite","@id":"https:\/\/aiazzone1950.com\/#website","url":"https:\/\/aiazzone1950.com\/","name":"Aiazzone","description":"Provare per credere","publisher":{"@id":"https:\/\/aiazzone1950.com\/#organization"},"potentialAction":[{"@type":"SearchAction","target":{"@type":"EntryPoint","urlTemplate":"https:\/\/aiazzone1950.com\/?s={search_term_string}"},"query-input":"required name=search_term_string"}],"inLanguage":"tr"},{"@type":"Organization","@id":"https:\/\/aiazzone1950.com\/#organization","name":"Aiazzone","url":"https:\/\/aiazzone1950.com\/","logo":{"@type":"ImageObject","inLanguage":"tr","@id":"https:\/\/aiazzone1950.com\/#\/schema\/logo\/image\/","url":"https:\/\/aiazzone1950.com\/wp-content\/uploads\/2022\/10\/LogoAiazzone.svg","contentUrl":"https:\/\/aiazzone1950.com\/wp-content\/uploads\/2022\/10\/LogoAiazzone.svg","caption":"Aiazzone"},"image":{"@id":"https:\/\/aiazzone1950.com\/#\/schema\/logo\/image\/"},"sameAs":["https:\/\/www.instagram.com\/aiazzone1950\/","https:\/\/www.facebook.com\/aiazzone1950"]}]}},"_links":{"self":[{"href":"https:\/\/aiazzone1950.com\/tr\/wp-json\/wp\/v2\/product\/485","targetHints":{"allow":["GET"]}}],"collection":[{"href":"https:\/\/aiazzone1950.com\/tr\/wp-json\/wp\/v2\/product"}],"about":[{"href":"https:\/\/aiazzone1950.com\/tr\/wp-json\/wp\/v2\/types\/product"}],"replies":[{"embeddable":true,"href":"https:\/\/aiazzone1950.com\/tr\/wp-json\/wp\/v2\/comments?post=485"}],"wp:featuredmedia":[{"embeddable":true,"href":"https:\/\/aiazzone1950.com\/tr\/wp-json\/wp\/v2\/media\/487"}],"wp:attachment":[{"href":"https:\/\/aiazzone1950.com\/tr\/wp-json\/wp\/v2\/media?parent=485"}],"wp:term":[{"taxonomy":"product_cat","embeddable":true,"href":"https:\/\/aiazzone1950.com\/tr\/wp-json\/wp\/v2\/product_cat?post=485"},{"taxonomy":"product_tag","embeddable":true,"href":"https:\/\/aiazzone1950.com\/tr\/wp-json\/wp\/v2\/product_tag?post=485"}],"curies":[{"name":"wp","href":"https:\/\/api.w.org\/{rel}","templated":true}]}}