{"id":1664,"date":"2023-01-13T15:57:55","date_gmt":"2023-01-13T14:57:55","guid":{"rendered":"https:\/\/aiazzone.ticvisualart.a2hosted.com\/negozio\/kategorilenmemis\/godai\/"},"modified":"2023-01-20T09:17:37","modified_gmt":"2023-01-20T08:17:37","slug":"godai","status":"publish","type":"product","link":"https:\/\/aiazzone1950.com\/tr\/negozio\/arredamento-tr\/godai\/","title":{"rendered":"Godai"},"content":{"rendered":"<div>\n<h3>GODAI<\/h3>\n<p>&nbsp;Rafine i\u015flevsellik<\/p>\n<\/div>\n<h1>GODAI<\/h1>\n<h2>perfetto per chi ha bisogno di praticit\u00e0 ma non rinuncia a uno stile moderno e raffinato<\/h2>\n<ul>\n<li>\n<p>        <img decoding=\"async\" src=\"\/wp-content\/uploads\/2023\/01\/aiazzone_shop_letti_godai_05.jpg\" alt=\"aiazzone shop | catalogo | letti | godai, particolare ambientazione\"><\/p>\n<h2>Stil<\/h2>\n<div>Yumu\u015fak ve hafif hatlar\u0131 ve kapitone kareli ba\u015fl\u0131\u011f\u0131 ile modern bir tarza sahip bu modelde pratiklik ve tasar\u0131m bir araya geliyor.<\/div>\n<\/li>\n<li>\n<p>        <img decoding=\"async\" src=\"\/wp-content\/uploads\/2023\/01\/aiazzone_shop_letti_godai_04.jpg\" alt=\"aiazzone shop | catalogo | letti | godai, particolare ambientazione\"><\/p>\n<h2>Yap\u0131<\/h2>\n<div>Bazal\u0131 yatak, maksimum ki\u015fiselle\u015ftirmeye izin vermek i\u00e7in t\u00fcm geni\u015fliklerde ve \u00e7e\u015fitli uzunluklarda mevcuttur. Her yata\u011f\u0131 ki\u015fiselle\u015ftirmek i\u00e7in yakla\u015f\u0131k 200 kuma\u015f mevcuttur.<\/div>\n<\/li>\n<li>\n<p>        <img decoding=\"async\" src=\"\/wp-content\/uploads\/2023\/01\/aiazzone_shop_letti_godai_03.jpg\" alt=\"aiazzone shop | catalogo | letti | godai, particolare gambe\"><\/p>\n<h2>Detaylar<\/h2>\n<div>T\u00fcm yap\u0131ya b\u00fcy\u00fck denge sa\u011flayan bir ayakla donat\u0131lm\u0131\u015f metal bir \u00e7apraz \u00e7ubuktan yap\u0131lm\u0131\u015ft\u0131r. Yata\u011f\u0131n g\u00f6r\u00fcnen ayaklar\u0131n\u0131n tamam\u0131 venge renkli masif ah\u015fapt\u0131r. Pusula &#8211; piston mekanizmal\u0131 tamamen \u00e7\u0131kar\u0131labilir yatakt\u0131r<\/div>\n<\/li>\n<\/ul>\n<h2>Veri Sayfas\u0131:<\/h2>\n<div>\n<p>Dolgu: birle\u015ftirilmi\u015f ve kau\u00e7uk Geni\u015flik: 80 &#8211; 90 &#8211; 120 &#8211; 140 &#8211; 160 &#8211; 170 120<br \/>numaradan itibaren yataklar, be\u015finci ayarlanabilir ayakl\u0131, merkezi bir takviye \u00e7er\u00e7evesi ile donat\u0131lm\u0131\u015ft\u0131r.<br \/>Uzunluk: 190 &#8211; 195 &#8211; 200<br \/>tnt kapl\u0131 8 mm mdf paneller<\/p>\n<\/div>\n<h2>Informazioni:<\/h2>\n<div>\n<p>Per informazioni sui nostri prodotti, sulla procedura di acquisto e sui tuoi ordini puoi contattarci alla mail: <a href=\"mailto:aiazzoneistanbul@aiazzone1950.com\">aiazzoneistanbul@aiazzone1950.com<\/a><\/p>\n<\/div>\n<p><img decoding=\"async\" src=\"\/wp-content\/uploads\/2023\/01\/aiazzone_shop_made_in_italy_logo.png\" alt=\"mobili made in italy | aiazzone | catalogo online\"><\/p>\n<h1>Altri prodotti<\/h1>\n<div>\n<\/div>\n<p><!--more--><br \/>\n<!-- {\"type\":\"layout\",\"children\":[{\"type\":\"section\",\"props\":{\"header_transparent\":\"light\",\"header_transparent_noplaceholder\":true,\"image_position\":\"center-center\",\"padding_remove_bottom\":true,\"padding_remove_top\":true,\"style\":\"default\",\"title_breakpoint\":\"xl\",\"title_position\":\"top-left\",\"title_rotation\":\"left\",\"vertical_align\":\"middle\",\"width\":\"\"},\"children\":[{\"type\":\"row\",\"props\":{\"class\":\"uk-visible@s\"},\"children\":[{\"type\":\"column\",\"props\":{\"image_position\":\"center-center\",\"media_overlay_gradient\":\"\",\"position_sticky_breakpoint\":\"m\"},\"children\":[{\"type\":\"overlay-slider\",\"props\":{\"container_padding_remove\":true,\"image_height\":\"700\",\"link_style\":\"default\",\"link_text\":\"Read more\",\"margin\":\"default\",\"margin_remove_top\":false,\"meta_align\":\"below-title\",\"meta_color\":\"primary\",\"meta_element\":\"div\",\"meta_margin\":\"small\",\"meta_style\":\"h4\",\"nav\":\"\",\"nav_align\":\"center\",\"nav_breakpoint\":\"s\",\"overlay_mode\":\"caption\",\"overlay_padding\":\"large\",\"overlay_position\":\"bottom-left\",\"overlay_transition\":\"fade\",\"show_content\":true,\"show_hover_image\":true,\"show_link\":true,\"show_meta\":true,\"show_title\":true,\"slidenav\":\"\",\"slidenav_breakpoint\":\"s\",\"slidenav_margin\":\"medium\",\"slidenav_outside_breakpoint\":\"xl\",\"slider_autoplay_pause\":true,\"slider_gap\":\"default\",\"slider_height\":\"full\",\"slider_min_height\":\"\",\"slider_width\":\"fixed\",\"slider_width_default\":\"1-1\",\"slider_width_medium\":\"1-1\",\"text_align\":\"left\",\"text_color\":\"light\",\"title_color\":\"primary\",\"title_element\":\"h3\",\"title_hover_style\":\"reset\",\"title_style\":\"heading-large\"},\"children\":[{\"type\":\"overlay-slider_item\",\"props\":{\"meta\":\"&nbsp;Rafine i\\u015flevsellik\",\"text_color\":\"light\",\"title\":\"GODAI\"},\"source\":{\"query\":{\"name\":\"products.singleProduct\"},\"props\":{\"image\":{\"filters\":{\"search\":\"\"},\"name\":\"featuredImage.url\"}}}}]}]}]},{\"type\":\"row\",\"props\":{\"class\":\"uk-hidden@s\"},\"children\":[{\"type\":\"column\",\"props\":{\"image_position\":\"center-center\",\"media_overlay_gradient\":\"\",\"position_sticky_breakpoint\":\"m\"},\"children\":[{\"type\":\"image\",\"props\":{\"image_svg_color\":\"emphasis\",\"margin\":\"default\"},\"source\":{\"query\":{\"name\":\"products.singleProduct\"},\"props\":{\"_condition\":{\"filters\":{\"condition\":\"!!\"},\"name\":\"featuredImage.url\"},\"image\":{\"filters\":{\"search\":\"\"},\"name\":\"featuredImage.url\"}}}},{\"type\":\"headline\",\"props\":{\"content\":\"GODAI\",\"margin_remove_bottom\":true,\"text_align\":\"center\",\"title_element\":\"h1\",\"title_style\":\"heading-medium\"},\"source\":{\"query\":{\"name\":\"products.singleProduct\"}}}]}]}],\"name\":\"Hero\"},{\"type\":\"section\",\"props\":{\"image_position\":\"center-center\",\"style\":\"default\",\"title_breakpoint\":\"xl\",\"title_position\":\"top-left\",\"title_rotation\":\"left\",\"vertical_align\":\"middle\",\"width\":\"default\"},\"children\":[{\"type\":\"row\",\"children\":[{\"type\":\"column\",\"props\":{\"image_position\":\"center-center\",\"media_overlay_gradient\":\"\",\"position_sticky_breakpoint\":\"m\"},\"children\":[{\"type\":\"headline\",\"props\":{\"content\":\"perfetto per chi ha bisogno di praticit\\u00e0 ma non rinuncia a uno stile moderno e raffinato\",\"text_align\":\"center\",\"title_color\":\"primary\",\"title_element\":\"h2\",\"title_style\":\"h3\"}}]}]}]},{\"type\":\"section\",\"props\":{\"image_position\":\"center-center\",\"style\":\"muted\",\"title_breakpoint\":\"xl\",\"title_position\":\"top-left\",\"title_rotation\":\"left\",\"vertical_align\":\"middle\",\"width\":\"default\"},\"children\":[{\"type\":\"row\",\"children\":[{\"type\":\"column\",\"props\":{\"image_position\":\"center-center\",\"media_overlay_gradient\":\"\",\"position_sticky_breakpoint\":\"m\"},\"children\":[{\"type\":\"breadcrumbs\",\"props\":{\"show_current\":true,\"show_home\":true}}]}]},{\"type\":\"row\",\"children\":[{\"type\":\"column\",\"props\":{\"image_position\":\"center-center\",\"media_overlay_gradient\":\"\",\"position_sticky_breakpoint\":\"m\"},\"children\":[{\"type\":\"grid\",\"props\":{\"content_column_breakpoint\":\"m\",\"filter_align\":\"left\",\"filter_all\":true,\"filter_grid_breakpoint\":\"m\",\"filter_grid_width\":\"auto\",\"filter_position\":\"top\",\"filter_style\":\"tab\",\"grid_default\":\"1\",\"grid_medium\":\"3\",\"icon_width\":80,\"image_align\":\"top\",\"image_grid_breakpoint\":\"m\",\"image_grid_width\":\"1-2\",\"image_svg_color\":\"emphasis\",\"item_animation\":true,\"link_style\":\"default\",\"link_text\":\"Read more\",\"margin\":\"default\",\"meta_align\":\"below-title\",\"meta_element\":\"div\",\"meta_style\":\"text-meta\",\"show_content\":true,\"show_image\":true,\"show_link\":true,\"show_meta\":true,\"show_title\":true,\"title_align\":\"top\",\"title_element\":\"h2\",\"title_grid_breakpoint\":\"m\",\"title_grid_width\":\"1-2\",\"title_hover_style\":\"reset\"},\"children\":[{\"type\":\"grid_item\",\"props\":{\"content\":\"Yumu\\u015fak ve hafif hatlar\\u0131 ve kapitone kareli ba\\u015fl\\u0131\\u011f\\u0131 ile modern bir tarza sahip bu modelde pratiklik ve tasar\\u0131m bir araya geliyor.\",\"image\":\"wp-content\\\/uploads\\\/2023\\\/01\\\/aiazzone_shop_letti_godai_05.jpg\",\"image_alt\":\"aiazzone shop | catalogo | letti | godai, particolare ambientazione\",\"title\":\"Stil\"}},{\"type\":\"grid_item\",\"props\":{\"content\":\"Bazal\\u0131 yatak, maksimum ki\\u015fiselle\\u015ftirmeye izin vermek i\\u00e7in t\\u00fcm geni\\u015fliklerde ve \\u00e7e\\u015fitli uzunluklarda mevcuttur. Her yata\\u011f\\u0131 ki\\u015fiselle\\u015ftirmek i\\u00e7in yakla\\u015f\\u0131k 200 kuma\\u015f mevcuttur.\",\"image\":\"wp-content\\\/uploads\\\/2023\\\/01\\\/aiazzone_shop_letti_godai_04.jpg\",\"image_alt\":\"aiazzone shop | catalogo | letti | godai, particolare ambientazione\",\"title\":\"Yap\\u0131\"}},{\"type\":\"grid_item\",\"props\":{\"content\":\"T\\u00fcm yap\\u0131ya b\\u00fcy\\u00fck denge sa\\u011flayan bir ayakla donat\\u0131lm\\u0131\\u015f metal bir \\u00e7apraz \\u00e7ubuktan yap\\u0131lm\\u0131\\u015ft\\u0131r. Yata\\u011f\\u0131n g\\u00f6r\\u00fcnen ayaklar\\u0131n\\u0131n tamam\\u0131 venge renkli masif ah\\u015fapt\\u0131r. Pusula - piston mekanizmal\\u0131 tamamen \\u00e7\\u0131kar\\u0131labilir yatakt\\u0131r\",\"image\":\"wp-content\\\/uploads\\\/2023\\\/01\\\/aiazzone_shop_letti_godai_03.jpg\",\"image_alt\":\"aiazzone shop | catalogo | letti | godai, particolare gambe\",\"title\":\"Detaylar\"}}]}]}]}]},{\"type\":\"section\",\"props\":{\"image_position\":\"center-center\",\"padding_remove_bottom\":true,\"style\":\"default\",\"title_breakpoint\":\"xl\",\"title_position\":\"top-left\",\"title_rotation\":\"left\",\"vertical_align\":\"middle\",\"width\":\"default\"},\"children\":[{\"type\":\"row\",\"props\":{\"layout\":\"1-2,1-2\"},\"children\":[{\"type\":\"column\",\"props\":{\"image_position\":\"center-center\",\"media_overlay_gradient\":\"\",\"position_sticky_breakpoint\":\"m\",\"width_medium\":\"1-2\"},\"children\":[{\"type\":\"woo_images\"}]},{\"type\":\"column\",\"props\":{\"image_position\":\"center-center\",\"media_overlay_gradient\":\"\",\"position_sticky_breakpoint\":\"m\",\"width_medium\":\"1-2\"},\"children\":[{\"type\":\"headline\",\"props\":{\"content\":\"Veri Sayfas\\u0131:\",\"title_element\":\"h2\",\"title_style\":\"h3\"}},{\"type\":\"text\",\"props\":{\"column_breakpoint\":\"m\",\"content\":\"\n\n<p>Dolgu: birle\\u015ftirilmi\\u015f ve kau\\u00e7uk Geni\\u015flik: 80 - 90 - 120 - 140 - 160 - 170 120<br \\\/>numaradan itibaren yataklar, be\\u015finci ayarlanabilir ayakl\\u0131, merkezi bir takviye \\u00e7er\\u00e7evesi ile donat\\u0131lm\\u0131\\u015ft\\u0131r.<br \\\/>Uzunluk: 190 - 195 - 200<br \\\/>tnt kapl\\u0131 8 mm mdf paneller<\\\/p>\",\"margin\":\"default\"}},{\"type\":\"headline\",\"props\":{\"content\":\"Informazioni:\",\"title_element\":\"h2\",\"title_style\":\"h3\"}},{\"type\":\"text\",\"props\":{\"column_breakpoint\":\"m\",\"content\":\"\n\n<p>Per informazioni sui nostri prodotti, sulla procedura di acquisto e sui tuoi ordini puoi contattarci alla mail: <a href=\\\"mailto:aiazzoneistanbul@aiazzone1950.com\\\">aiazzoneistanbul@aiazzone1950.com<\\\/a><\\\/p>\",\"margin\":\"default\"}},{\"type\":\"image\",\"props\":{\"block_align_breakpoint\":\"s\",\"block_align_fallback\":\"center\",\"image\":\"wp-content\\\/uploads\\\/2023\\\/01\\\/aiazzone_shop_made_in_italy_logo.png\",\"image_alt\":\"mobili made in italy | aiazzone | catalogo online\",\"image_svg_color\":\"emphasis\",\"image_width\":\"250px\",\"margin\":\"default\",\"margin_remove_bottom\":false,\"maxwidth\":\"large\",\"maxwidth_breakpoint\":\"m\",\"text_align\":\"left\",\"text_align_breakpoint\":\"m\",\"text_align_fallback\":\"center\"}}]}]}]},{\"type\":\"section\",\"props\":{\"image_position\":\"center-center\",\"style\":\"default\",\"title_breakpoint\":\"xl\",\"title_position\":\"top-left\",\"title_rotation\":\"left\",\"vertical_align\":\"middle\",\"width\":\"default\"},\"children\":[{\"type\":\"row\",\"children\":[{\"type\":\"column\",\"props\":{\"image_position\":\"center-center\",\"media_overlay_gradient\":\"\",\"position_sticky_breakpoint\":\"m\"},\"children\":[{\"type\":\"headline\",\"props\":{\"content\":\"Altri prodotti\",\"title_element\":\"h1\",\"title_style\":\"h3\"}},{\"type\":\"grid\",\"props\":{\"content_column_breakpoint\":\"m\",\"css\":\".el-image{\\n    height: 250px !important;\\n    object-fit: cover;\\n}\",\"filter_align\":\"left\",\"filter_all\":true,\"filter_grid_breakpoint\":\"m\",\"filter_grid_width\":\"auto\",\"filter_position\":\"top\",\"filter_style\":\"tab\",\"grid_default\":\"1\",\"grid_medium\":\"4\",\"icon_width\":80,\"image_align\":\"top\",\"image_grid_breakpoint\":\"m\",\"image_grid_width\":\"1-2\",\"image_link\":true,\"image_svg_color\":\"emphasis\",\"item_animation\":true,\"link_style\":\"default\",\"link_text\":\"\",\"margin\":\"default\",\"meta_align\":\"below-title\",\"meta_element\":\"div\",\"meta_style\":\"text-meta\",\"panel_link\":true,\"show_content\":true,\"show_image\":true,\"show_link\":true,\"show_meta\":true,\"show_title\":true,\"title_align\":\"top\",\"title_color\":\"primary\",\"title_element\":\"h3\",\"title_grid_breakpoint\":\"m\",\"title_grid_width\":\"1-2\",\"title_hover_style\":\"reset\",\"title_margin\":\"small\",\"title_style\":\"h4\"},\"children\":[{\"type\":\"grid_item\",\"source\":{\"query\":{\"name\":\"products.customProducts\",\"arguments\":{\"terms\":[32],\"product_cat_operator\":\"IN\",\"product_tag_operator\":\"IN\",\"product_visibility_operator\":\"IN\",\"users\":[],\"users_operator\":\"IN\",\"offset\":0,\"limit\":4,\"order\":\"rand\",\"order_direction\":\"DESC\"}},\"props\":{\"title\":{\"filters\":{\"search\":\"\"},\"name\":\"title\"},\"image\":{\"filters\":{\"search\":\"\"},\"name\":\"featuredImage.url\"},\"link\":{\"filters\":{\"search\":\"\"},\"name\":\"link\"}}}}]}]}]}]}],\"version\":\"3.0.21\"} --><\/p>\n","protected":false},"excerpt":{"rendered":"<p>GODAI &nbsp;Rafine i\u015flevsellik GODAI perfetto per chi ha bisogno di praticit\u00e0 ma non rinuncia a uno stile moderno e raffinato Stil Yumu\u015fak ve hafif hatlar\u0131 ve kapitone kareli ba\u015fl\u0131\u011f\u0131 ile modern bir tarza sahip bu modelde pratiklik ve tasar\u0131m bir araya geliyor. Yap\u0131 Bazal\u0131 yatak, maksimum ki\u015fiselle\u015ftirmeye izin vermek i\u00e7in t\u00fcm geni\u015fliklerde ve \u00e7e\u015fitli uzunluklarda [&hellip;]<\/p>\n","protected":false},"featured_media":1241,"comment_status":"open","ping_status":"closed","template":"","meta":[],"product_cat":[53,52,55,63,54],"product_tag":[66],"class_list":["post-1664","product","type-product","status-publish","has-post-thumbnail","hentry","product_cat-ambienti-tr","product_cat-arredamento-tr","product_cat-yatak-odasi","product_cat-yataklar-tr","product_cat-yataklar","product_tag-letti-tr"],"yoast_head":"<!-- This site is optimized with the Yoast SEO plugin v19.14 - https:\/\/yoast.com\/wordpress\/plugins\/seo\/ -->\n<title>Godai | Letti | Aiazzone<\/title>\n<meta name=\"description\" content=\"Godai \u00e8 un letto interamente sfoderabile, perfetto per chi ha bisogno di praticit\u00e0 ma non rinuncia a un design raffinato. Scoprilo sul nostro catalogo!\" \/>\n<meta name=\"robots\" content=\"index, follow, max-snippet:-1, max-image-preview:large, max-video-preview:-1\" \/>\n<link rel=\"canonical\" href=\"https:\/\/aiazzone1950.com\/tr\/negozio\/arredamento-tr\/godai\/\" \/>\n<meta property=\"og:locale\" content=\"tr_TR\" \/>\n<meta property=\"og:type\" content=\"article\" \/>\n<meta property=\"og:title\" content=\"Godai | Letti | Aiazzone\" \/>\n<meta property=\"og:description\" content=\"Godai \u00e8 un letto interamente sfoderabile, perfetto per chi ha bisogno di praticit\u00e0 ma non rinuncia a un design raffinato. Scoprilo sul nostro catalogo!\" \/>\n<meta property=\"og:url\" content=\"https:\/\/aiazzone1950.com\/tr\/negozio\/arredamento-tr\/godai\/\" \/>\n<meta property=\"og:site_name\" content=\"Aiazzone\" \/>\n<meta property=\"article:publisher\" content=\"https:\/\/www.facebook.com\/aiazzone1950\" \/>\n<meta property=\"article:modified_time\" content=\"2023-01-20T08:17:37+00:00\" \/>\n<meta property=\"og:image\" content=\"https:\/\/aiazzone1950.com\/wp-content\/uploads\/2023\/01\/aiazzone_shop_letti_godai_02.jpg\" \/>\n\t<meta property=\"og:image:width\" content=\"2500\" \/>\n\t<meta property=\"og:image:height\" content=\"1250\" \/>\n\t<meta property=\"og:image:type\" content=\"image\/jpeg\" \/>\n<meta name=\"twitter:card\" content=\"summary_large_image\" \/>\n<meta name=\"twitter:label1\" content=\"Tahmini okuma s\u00fcresi\" \/>\n\t<meta name=\"twitter:data1\" content=\"2 dakika\" \/>\n<script type=\"application\/ld+json\" class=\"yoast-schema-graph\">{\"@context\":\"https:\/\/schema.org\",\"@graph\":[{\"@type\":\"WebPage\",\"@id\":\"https:\/\/aiazzone1950.com\/tr\/negozio\/arredamento-tr\/godai\/\",\"url\":\"https:\/\/aiazzone1950.com\/tr\/negozio\/arredamento-tr\/godai\/\",\"name\":\"Godai | Letti | Aiazzone\",\"isPartOf\":{\"@id\":\"https:\/\/aiazzone1950.com\/#website\"},\"datePublished\":\"2023-01-13T14:57:55+00:00\",\"dateModified\":\"2023-01-20T08:17:37+00:00\",\"description\":\"Godai \u00e8 un letto interamente sfoderabile, perfetto per chi ha bisogno di praticit\u00e0 ma non rinuncia a un design raffinato. Scoprilo sul nostro catalogo!\",\"breadcrumb\":{\"@id\":\"https:\/\/aiazzone1950.com\/tr\/negozio\/arredamento-tr\/godai\/#breadcrumb\"},\"inLanguage\":\"tr\",\"potentialAction\":[{\"@type\":\"ReadAction\",\"target\":[\"https:\/\/aiazzone1950.com\/tr\/negozio\/arredamento-tr\/godai\/\"]}]},{\"@type\":\"BreadcrumbList\",\"@id\":\"https:\/\/aiazzone1950.com\/tr\/negozio\/arredamento-tr\/godai\/#breadcrumb\",\"itemListElement\":[{\"@type\":\"ListItem\",\"position\":1,\"name\":\"Home\",\"item\":\"https:\/\/aiazzone1950.com\/\"},{\"@type\":\"ListItem\",\"position\":2,\"name\":\"Catalogo\",\"item\":\"https:\/\/aiazzone1950.com\/negozio\/\"},{\"@type\":\"ListItem\",\"position\":3,\"name\":\"Godai\"}]},{\"@type\":\"WebSite\",\"@id\":\"https:\/\/aiazzone1950.com\/#website\",\"url\":\"https:\/\/aiazzone1950.com\/\",\"name\":\"Aiazzone\",\"description\":\"Provare per credere\",\"publisher\":{\"@id\":\"https:\/\/aiazzone1950.com\/#organization\"},\"potentialAction\":[{\"@type\":\"SearchAction\",\"target\":{\"@type\":\"EntryPoint\",\"urlTemplate\":\"https:\/\/aiazzone1950.com\/?s={search_term_string}\"},\"query-input\":\"required name=search_term_string\"}],\"inLanguage\":\"tr\"},{\"@type\":\"Organization\",\"@id\":\"https:\/\/aiazzone1950.com\/#organization\",\"name\":\"Aiazzone\",\"url\":\"https:\/\/aiazzone1950.com\/\",\"logo\":{\"@type\":\"ImageObject\",\"inLanguage\":\"tr\",\"@id\":\"https:\/\/aiazzone1950.com\/#\/schema\/logo\/image\/\",\"url\":\"https:\/\/aiazzone1950.com\/wp-content\/uploads\/2022\/10\/LogoAiazzone.svg\",\"contentUrl\":\"https:\/\/aiazzone1950.com\/wp-content\/uploads\/2022\/10\/LogoAiazzone.svg\",\"caption\":\"Aiazzone\"},\"image\":{\"@id\":\"https:\/\/aiazzone1950.com\/#\/schema\/logo\/image\/\"},\"sameAs\":[\"https:\/\/www.instagram.com\/aiazzone1950\/\",\"https:\/\/www.facebook.com\/aiazzone1950\"]}]}<\/script>\n<!-- \/ Yoast SEO plugin. -->","yoast_head_json":{"title":"Godai | Letti | Aiazzone","description":"Godai \u00e8 un letto interamente sfoderabile, perfetto per chi ha bisogno di praticit\u00e0 ma non rinuncia a un design raffinato. Scoprilo sul nostro catalogo!","robots":{"index":"index","follow":"follow","max-snippet":"max-snippet:-1","max-image-preview":"max-image-preview:large","max-video-preview":"max-video-preview:-1"},"canonical":"https:\/\/aiazzone1950.com\/tr\/negozio\/arredamento-tr\/godai\/","og_locale":"tr_TR","og_type":"article","og_title":"Godai | Letti | Aiazzone","og_description":"Godai \u00e8 un letto interamente sfoderabile, perfetto per chi ha bisogno di praticit\u00e0 ma non rinuncia a un design raffinato. Scoprilo sul nostro catalogo!","og_url":"https:\/\/aiazzone1950.com\/tr\/negozio\/arredamento-tr\/godai\/","og_site_name":"Aiazzone","article_publisher":"https:\/\/www.facebook.com\/aiazzone1950","article_modified_time":"2023-01-20T08:17:37+00:00","og_image":[{"width":2500,"height":1250,"url":"https:\/\/aiazzone1950.com\/wp-content\/uploads\/2023\/01\/aiazzone_shop_letti_godai_02.jpg","type":"image\/jpeg"}],"twitter_card":"summary_large_image","twitter_misc":{"Tahmini okuma s\u00fcresi":"2 dakika"},"schema":{"@context":"https:\/\/schema.org","@graph":[{"@type":"WebPage","@id":"https:\/\/aiazzone1950.com\/tr\/negozio\/arredamento-tr\/godai\/","url":"https:\/\/aiazzone1950.com\/tr\/negozio\/arredamento-tr\/godai\/","name":"Godai | Letti | Aiazzone","isPartOf":{"@id":"https:\/\/aiazzone1950.com\/#website"},"datePublished":"2023-01-13T14:57:55+00:00","dateModified":"2023-01-20T08:17:37+00:00","description":"Godai \u00e8 un letto interamente sfoderabile, perfetto per chi ha bisogno di praticit\u00e0 ma non rinuncia a un design raffinato. Scoprilo sul nostro catalogo!","breadcrumb":{"@id":"https:\/\/aiazzone1950.com\/tr\/negozio\/arredamento-tr\/godai\/#breadcrumb"},"inLanguage":"tr","potentialAction":[{"@type":"ReadAction","target":["https:\/\/aiazzone1950.com\/tr\/negozio\/arredamento-tr\/godai\/"]}]},{"@type":"BreadcrumbList","@id":"https:\/\/aiazzone1950.com\/tr\/negozio\/arredamento-tr\/godai\/#breadcrumb","itemListElement":[{"@type":"ListItem","position":1,"name":"Home","item":"https:\/\/aiazzone1950.com\/"},{"@type":"ListItem","position":2,"name":"Catalogo","item":"https:\/\/aiazzone1950.com\/negozio\/"},{"@type":"ListItem","position":3,"name":"Godai"}]},{"@type":"WebSite","@id":"https:\/\/aiazzone1950.com\/#website","url":"https:\/\/aiazzone1950.com\/","name":"Aiazzone","description":"Provare per credere","publisher":{"@id":"https:\/\/aiazzone1950.com\/#organization"},"potentialAction":[{"@type":"SearchAction","target":{"@type":"EntryPoint","urlTemplate":"https:\/\/aiazzone1950.com\/?s={search_term_string}"},"query-input":"required name=search_term_string"}],"inLanguage":"tr"},{"@type":"Organization","@id":"https:\/\/aiazzone1950.com\/#organization","name":"Aiazzone","url":"https:\/\/aiazzone1950.com\/","logo":{"@type":"ImageObject","inLanguage":"tr","@id":"https:\/\/aiazzone1950.com\/#\/schema\/logo\/image\/","url":"https:\/\/aiazzone1950.com\/wp-content\/uploads\/2022\/10\/LogoAiazzone.svg","contentUrl":"https:\/\/aiazzone1950.com\/wp-content\/uploads\/2022\/10\/LogoAiazzone.svg","caption":"Aiazzone"},"image":{"@id":"https:\/\/aiazzone1950.com\/#\/schema\/logo\/image\/"},"sameAs":["https:\/\/www.instagram.com\/aiazzone1950\/","https:\/\/www.facebook.com\/aiazzone1950"]}]}},"_links":{"self":[{"href":"https:\/\/aiazzone1950.com\/tr\/wp-json\/wp\/v2\/product\/1664","targetHints":{"allow":["GET"]}}],"collection":[{"href":"https:\/\/aiazzone1950.com\/tr\/wp-json\/wp\/v2\/product"}],"about":[{"href":"https:\/\/aiazzone1950.com\/tr\/wp-json\/wp\/v2\/types\/product"}],"replies":[{"embeddable":true,"href":"https:\/\/aiazzone1950.com\/tr\/wp-json\/wp\/v2\/comments?post=1664"}],"wp:featuredmedia":[{"embeddable":true,"href":"https:\/\/aiazzone1950.com\/tr\/wp-json\/wp\/v2\/media\/1241"}],"wp:attachment":[{"href":"https:\/\/aiazzone1950.com\/tr\/wp-json\/wp\/v2\/media?parent=1664"}],"wp:term":[{"taxonomy":"product_cat","embeddable":true,"href":"https:\/\/aiazzone1950.com\/tr\/wp-json\/wp\/v2\/product_cat?post=1664"},{"taxonomy":"product_tag","embeddable":true,"href":"https:\/\/aiazzone1950.com\/tr\/wp-json\/wp\/v2\/product_tag?post=1664"}],"curies":[{"name":"wp","href":"https:\/\/api.w.org\/{rel}","templated":true}]}}