{"id":1292,"date":"2023-01-16T16:01:01","date_gmt":"2023-01-16T15:01:01","guid":{"rendered":"https:\/\/aiazzone.ticvisualart.a2hosted.com\/negozio\/kategorilenmemis\/rima\/"},"modified":"2023-01-20T09:03:27","modified_gmt":"2023-01-20T08:03:27","slug":"rima","status":"publish","type":"product","link":"https:\/\/aiazzone1950.com\/tr\/negozio\/arredamento-tr\/rima\/","title":{"rendered":"Rima"},"content":{"rendered":"<div>\n<h3>RIMA<\/h3>\n<p>&nbsp;Romantik yata\u011f\u0131n<\/p>\n<\/div>\n<h2>raffinato, accogliente e pratico<\/h2>\n<ul>\n<li>\n<p>        <img decoding=\"async\" src=\"\/wp-content\/uploads\/2023\/01\/aiazzone_shop_letti_rima_03.jpg\" alt=\"aiazzone shop | catalogo | letti | rima, vista frontale\"><\/p>\n<h2>Stil<\/h2>\n<div>Romantik yata\u011f\u0131n\u0131z Rima, klasik ve hafif stili bir arada sunuyor. Zarif ve davetkar, odan\u0131za \u015f\u0131k bir dokunu\u015f katacakt\u0131r.<\/div>\n<\/li>\n<li>\n<p>        <img decoding=\"async\" src=\"\/wp-content\/uploads\/2023\/01\/aiazzone_shop_letti_rima_02.jpg\" alt=\"aiazzone shop | catalogo | letti | rima, vista laterale\"><\/p>\n<h2>\u00c7er\u00e7eve<\/h2>\n<div>Tamamen kuma\u015f kapl\u0131 tasar\u0131m yap\u0131s\u0131, otururken bile yata\u011f\u0131n\u0131zdan en iyi \u015fekilde yararlanabilmeniz i\u00e7in g\u00fc\u00e7 ve destek sa\u011flayacak \u015fekilde tasarlanm\u0131\u015ft\u0131r.<\/div>\n<\/li>\n<li>\n<p>        <img decoding=\"async\" src=\"\/wp-content\/uploads\/2023\/01\/aiazzone_shop_letti_rima_04.jpg\" alt=\"aiazzone shop | catalogo | letti | rima, particolare ambientazione\"><\/p>\n<h2>Detaylar<\/h2>\n<div>\u015eekilli ve yast\u0131kl\u0131 ba\u015fl\u0131k, tamamen kuma\u015f d\u00f6\u015femeli karyola \u00e7er\u00e7evesi. \u00c7\u0131kar\u0131labilir kapak, farkl\u0131 boyutlarda ve bazal\u0131 olarak da mevcuttur<\/div>\n<\/li>\n<\/ul>\n<h2>Informazioni:<\/h2>\n<div>\n<p>Per informazioni sui nostri prodotti, sulla procedura di acquisto e sui tuoi ordini puoi contattarci alla mail: <a href=\"mailto:aiazzoneistanbul@aiazzone1950.com\">aiazzoneistanbul@aiazzone1950.com<\/a><\/p>\n<\/div>\n<p><img decoding=\"async\" src=\"\/wp-content\/uploads\/2023\/01\/aiazzone_shop_made_in_italy_logo.png\" alt=\"mobili made in italy | aiazzone | catalogo online\"><\/p>\n<h1>Altri prodotti<\/h1>\n<div>\n<\/div>\n<p><!--more--><br \/>\n<!-- {\"type\":\"layout\",\"children\":[{\"type\":\"section\",\"props\":{\"header_transparent\":\"light\",\"header_transparent_noplaceholder\":true,\"image_position\":\"center-center\",\"padding_remove_bottom\":true,\"padding_remove_top\":true,\"style\":\"default\",\"title_breakpoint\":\"xl\",\"title_position\":\"top-left\",\"title_rotation\":\"left\",\"vertical_align\":\"middle\",\"width\":\"\"},\"children\":[{\"type\":\"row\",\"props\":{\"class\":\"uk-visible@s\"},\"children\":[{\"type\":\"column\",\"props\":{\"image_position\":\"center-center\",\"media_overlay_gradient\":\"\",\"position_sticky_breakpoint\":\"m\"},\"children\":[{\"type\":\"overlay-slider\",\"props\":{\"container_padding_remove\":true,\"image_height\":\"700\",\"link_style\":\"default\",\"link_text\":\"Read more\",\"margin\":\"default\",\"margin_remove_top\":false,\"meta_align\":\"below-title\",\"meta_color\":\"primary\",\"meta_element\":\"div\",\"meta_margin\":\"small\",\"meta_style\":\"h4\",\"nav\":\"\",\"nav_align\":\"center\",\"nav_breakpoint\":\"s\",\"overlay_mode\":\"caption\",\"overlay_padding\":\"large\",\"overlay_position\":\"bottom-left\",\"overlay_transition\":\"fade\",\"show_content\":true,\"show_hover_image\":true,\"show_link\":true,\"show_meta\":true,\"show_title\":true,\"slidenav\":\"\",\"slidenav_breakpoint\":\"s\",\"slidenav_margin\":\"medium\",\"slidenav_outside_breakpoint\":\"xl\",\"slider_autoplay_pause\":true,\"slider_gap\":\"default\",\"slider_height\":\"full\",\"slider_min_height\":\"\",\"slider_width\":\"fixed\",\"slider_width_default\":\"1-1\",\"slider_width_medium\":\"1-1\",\"text_align\":\"left\",\"text_color\":\"light\",\"title_color\":\"primary\",\"title_element\":\"h3\",\"title_hover_style\":\"reset\",\"title_style\":\"heading-large\"},\"children\":[{\"type\":\"overlay-slider_item\",\"props\":{\"meta\":\"&nbsp;Romantik yata\\u011f\\u0131n\",\"text_color\":\"dark\",\"title\":\"RIMA\"},\"source\":{\"query\":{\"name\":\"products.singleProduct\"},\"props\":{\"image\":{\"filters\":{\"search\":\"\"},\"name\":\"featuredImage.url\"}}}}]}]}]},{\"type\":\"row\",\"props\":{\"class\":\"uk-hidden@s\"},\"children\":[{\"type\":\"column\",\"props\":{\"image_position\":\"center-center\",\"media_overlay_gradient\":\"\",\"position_sticky_breakpoint\":\"m\"},\"children\":[{\"type\":\"image\",\"props\":{\"image_svg_color\":\"emphasis\",\"margin\":\"default\"},\"source\":{\"query\":{\"name\":\"products.singleProduct\"},\"props\":{\"_condition\":{\"filters\":{\"condition\":\"!!\"},\"name\":\"featuredImage.url\"},\"image\":{\"filters\":{\"search\":\"\"},\"name\":\"featuredImage.url\"}}}},{\"type\":\"headline\",\"props\":{\"margin_remove_bottom\":true,\"text_align\":\"center\",\"title_element\":\"h1\",\"title_style\":\"heading-medium\"},\"source\":{\"query\":{\"name\":\"products.singleProduct\"},\"props\":{\"content\":{\"filters\":{\"search\":\"\"},\"name\":\"title\"}}}}]}]}],\"name\":\"Hero\"},{\"type\":\"section\",\"props\":{\"image_position\":\"center-center\",\"style\":\"default\",\"title_breakpoint\":\"xl\",\"title_position\":\"top-left\",\"title_rotation\":\"left\",\"vertical_align\":\"middle\",\"width\":\"default\"},\"children\":[{\"type\":\"row\",\"children\":[{\"type\":\"column\",\"props\":{\"image_position\":\"center-center\",\"media_overlay_gradient\":\"\",\"position_sticky_breakpoint\":\"m\"},\"children\":[{\"type\":\"headline\",\"props\":{\"content\":\"raffinato, accogliente e pratico\",\"text_align\":\"center\",\"title_color\":\"primary\",\"title_element\":\"h2\",\"title_style\":\"h3\"}}]}]}]},{\"type\":\"section\",\"props\":{\"image_position\":\"center-center\",\"style\":\"muted\",\"title_breakpoint\":\"xl\",\"title_position\":\"top-left\",\"title_rotation\":\"left\",\"vertical_align\":\"middle\",\"width\":\"default\"},\"children\":[{\"type\":\"row\",\"children\":[{\"type\":\"column\",\"props\":{\"image_position\":\"center-center\",\"media_overlay_gradient\":\"\",\"position_sticky_breakpoint\":\"m\"},\"children\":[{\"type\":\"breadcrumbs\",\"props\":{\"show_current\":true,\"show_home\":true}}]}]},{\"type\":\"row\",\"children\":[{\"type\":\"column\",\"props\":{\"image_position\":\"center-center\",\"media_overlay_gradient\":\"\",\"position_sticky_breakpoint\":\"m\"},\"children\":[{\"type\":\"grid\",\"props\":{\"content_column_breakpoint\":\"m\",\"filter_align\":\"left\",\"filter_all\":true,\"filter_grid_breakpoint\":\"m\",\"filter_grid_width\":\"auto\",\"filter_position\":\"top\",\"filter_style\":\"tab\",\"grid_default\":\"1\",\"grid_medium\":\"3\",\"icon_width\":80,\"image_align\":\"top\",\"image_grid_breakpoint\":\"m\",\"image_grid_width\":\"1-2\",\"image_svg_color\":\"emphasis\",\"item_animation\":true,\"link_style\":\"default\",\"link_text\":\"Read more\",\"margin\":\"default\",\"meta_align\":\"below-title\",\"meta_element\":\"div\",\"meta_style\":\"text-meta\",\"show_content\":true,\"show_image\":true,\"show_link\":true,\"show_meta\":true,\"show_title\":true,\"title_align\":\"top\",\"title_element\":\"h2\",\"title_grid_breakpoint\":\"m\",\"title_grid_width\":\"1-2\",\"title_hover_style\":\"reset\"},\"children\":[{\"type\":\"grid_item\",\"props\":{\"content\":\"Romantik yata\\u011f\\u0131n\\u0131z Rima, klasik ve hafif stili bir arada sunuyor. Zarif ve davetkar, odan\\u0131za \\u015f\\u0131k bir dokunu\\u015f katacakt\\u0131r.\",\"image\":\"wp-content\\\/uploads\\\/2023\\\/01\\\/aiazzone_shop_letti_rima_03.jpg\",\"image_alt\":\"aiazzone shop | catalogo | letti | rima, vista frontale\",\"title\":\"Stil\"}},{\"type\":\"grid_item\",\"props\":{\"content\":\"Tamamen kuma\\u015f kapl\\u0131 tasar\\u0131m yap\\u0131s\\u0131, otururken bile yata\\u011f\\u0131n\\u0131zdan en iyi \\u015fekilde yararlanabilmeniz i\\u00e7in g\\u00fc\\u00e7 ve destek sa\\u011flayacak \\u015fekilde tasarlanm\\u0131\\u015ft\\u0131r.\",\"image\":\"wp-content\\\/uploads\\\/2023\\\/01\\\/aiazzone_shop_letti_rima_02.jpg\",\"image_alt\":\"aiazzone shop | catalogo | letti | rima, vista laterale\",\"title\":\"\\u00c7er\\u00e7eve\"}},{\"type\":\"grid_item\",\"props\":{\"content\":\"\\u015eekilli ve yast\\u0131kl\\u0131 ba\\u015fl\\u0131k, tamamen kuma\\u015f d\\u00f6\\u015femeli karyola \\u00e7er\\u00e7evesi. \\u00c7\\u0131kar\\u0131labilir kapak, farkl\\u0131 boyutlarda ve bazal\\u0131 olarak da mevcuttur\",\"image\":\"wp-content\\\/uploads\\\/2023\\\/01\\\/aiazzone_shop_letti_rima_04.jpg\",\"image_alt\":\"aiazzone shop | catalogo | letti | rima, particolare ambientazione\",\"title\":\"Detaylar\"}}]}]}]}]},{\"type\":\"section\",\"props\":{\"image_position\":\"center-center\",\"padding_remove_bottom\":true,\"style\":\"default\",\"title_breakpoint\":\"xl\",\"title_position\":\"top-left\",\"title_rotation\":\"left\",\"vertical_align\":\"middle\",\"width\":\"default\"},\"children\":[{\"type\":\"row\",\"props\":{\"layout\":\"1-2,1-2\"},\"children\":[{\"type\":\"column\",\"props\":{\"image_position\":\"center-center\",\"media_overlay_gradient\":\"\",\"position_sticky_breakpoint\":\"m\",\"width_medium\":\"1-2\"},\"children\":[{\"type\":\"woo_images\"}]},{\"type\":\"column\",\"props\":{\"image_position\":\"center-center\",\"media_overlay_gradient\":\"\",\"position_sticky_breakpoint\":\"m\",\"width_medium\":\"1-2\"},\"children\":[{\"type\":\"headline\",\"props\":{\"content\":\"Informazioni:\",\"title_element\":\"h2\",\"title_style\":\"h3\"}},{\"type\":\"text\",\"props\":{\"column_breakpoint\":\"m\",\"content\":\"\n\n<p>Per informazioni sui nostri prodotti, sulla procedura di acquisto e sui tuoi ordini puoi contattarci alla mail: <a href=\\\"mailto:aiazzoneistanbul@aiazzone1950.com\\\">aiazzoneistanbul@aiazzone1950.com<\\\/a><\\\/p>\",\"margin\":\"default\"}},{\"type\":\"image\",\"props\":{\"block_align_breakpoint\":\"s\",\"block_align_fallback\":\"center\",\"image\":\"wp-content\\\/uploads\\\/2023\\\/01\\\/aiazzone_shop_made_in_italy_logo.png\",\"image_alt\":\"mobili made in italy | aiazzone | catalogo online\",\"image_svg_color\":\"emphasis\",\"image_width\":\"250px\",\"margin\":\"default\",\"margin_remove_bottom\":false,\"maxwidth\":\"large\",\"maxwidth_breakpoint\":\"m\",\"text_align\":\"left\",\"text_align_breakpoint\":\"m\",\"text_align_fallback\":\"center\"}}]}]}]},{\"type\":\"section\",\"props\":{\"image_position\":\"center-center\",\"style\":\"default\",\"title_breakpoint\":\"xl\",\"title_position\":\"top-left\",\"title_rotation\":\"left\",\"vertical_align\":\"middle\",\"width\":\"default\"},\"children\":[{\"type\":\"row\",\"children\":[{\"type\":\"column\",\"props\":{\"image_position\":\"center-center\",\"media_overlay_gradient\":\"\",\"position_sticky_breakpoint\":\"m\"},\"children\":[{\"type\":\"headline\",\"props\":{\"content\":\"Altri prodotti\",\"title_element\":\"h1\",\"title_style\":\"h3\"}},{\"type\":\"grid\",\"props\":{\"content_column_breakpoint\":\"m\",\"css\":\".el-image{\\n    height: 250px !important;\\n    object-fit: cover;\\n}\",\"filter_align\":\"left\",\"filter_all\":true,\"filter_grid_breakpoint\":\"m\",\"filter_grid_width\":\"auto\",\"filter_position\":\"top\",\"filter_style\":\"tab\",\"grid_default\":\"1\",\"grid_medium\":\"4\",\"icon_width\":80,\"image_align\":\"top\",\"image_grid_breakpoint\":\"m\",\"image_grid_width\":\"1-2\",\"image_link\":true,\"image_svg_color\":\"emphasis\",\"item_animation\":true,\"link_style\":\"default\",\"link_text\":\"\",\"margin\":\"default\",\"meta_align\":\"below-title\",\"meta_element\":\"div\",\"meta_style\":\"text-meta\",\"panel_link\":true,\"show_content\":true,\"show_image\":true,\"show_link\":true,\"show_meta\":true,\"show_title\":true,\"title_align\":\"top\",\"title_color\":\"primary\",\"title_element\":\"h3\",\"title_grid_breakpoint\":\"m\",\"title_grid_width\":\"1-2\",\"title_hover_style\":\"reset\",\"title_margin\":\"small\",\"title_style\":\"h4\"},\"children\":[{\"type\":\"grid_item\",\"source\":{\"query\":{\"name\":\"products.customProducts\",\"arguments\":{\"terms\":[32],\"product_cat_operator\":\"IN\",\"product_tag_operator\":\"IN\",\"product_visibility_operator\":\"IN\",\"users\":[],\"users_operator\":\"IN\",\"offset\":0,\"limit\":4,\"order\":\"rand\",\"order_direction\":\"DESC\"}},\"props\":{\"title\":{\"filters\":{\"search\":\"\"},\"name\":\"title\"},\"image\":{\"filters\":{\"search\":\"\"},\"name\":\"featuredImage.url\"},\"link\":{\"filters\":{\"search\":\"\"},\"name\":\"link\"}}}}]}]}]}]}],\"version\":\"3.0.21\"} --><\/p>\n","protected":false},"excerpt":{"rendered":"<p>RIMA &nbsp;Romantik yata\u011f\u0131n raffinato, accogliente e pratico Stil Romantik yata\u011f\u0131n\u0131z Rima, klasik ve hafif stili bir arada sunuyor. Zarif ve davetkar, odan\u0131za \u015f\u0131k bir dokunu\u015f katacakt\u0131r. \u00c7er\u00e7eve Tamamen kuma\u015f kapl\u0131 tasar\u0131m yap\u0131s\u0131, otururken bile yata\u011f\u0131n\u0131zdan en iyi \u015fekilde yararlanabilmeniz i\u00e7in g\u00fc\u00e7 ve destek sa\u011flayacak \u015fekilde tasarlanm\u0131\u015ft\u0131r. Detaylar \u015eekilli ve yast\u0131kl\u0131 ba\u015fl\u0131k, tamamen kuma\u015f d\u00f6\u015femeli karyola [&hellip;]<\/p>\n","protected":false},"featured_media":1267,"comment_status":"open","ping_status":"closed","template":"","meta":[],"product_cat":[53,52,55,54,63],"product_tag":[],"class_list":["post-1292","product","type-product","status-publish","has-post-thumbnail","hentry","product_cat-ambienti-tr","product_cat-arredamento-tr","product_cat-yatak-odasi","product_cat-yataklar","product_cat-yataklar-tr"],"yoast_head":"<!-- This site is optimized with the Yoast SEO plugin v19.14 - https:\/\/yoast.com\/wordpress\/plugins\/seo\/ -->\n<title>Rima | Aiazzone<\/title>\n<meta name=\"description\" content=\"Romantik yata\u011f\u0131n\u0131z Rima, klasik ve hafif stili bir arada sunuyor. Zarif ve davetkar, odan\u0131za \u015f\u0131k bir dokunu\u015f katacakt\u0131r. \u00c7evrimi\u00e7i katalo\u011fumuzdaki \u00f6zelliklere g\u00f6z at\u0131n.\" \/>\n<meta name=\"robots\" content=\"index, follow, max-snippet:-1, max-image-preview:large, max-video-preview:-1\" \/>\n<link rel=\"canonical\" href=\"https:\/\/aiazzone1950.com\/tr\/negozio\/arredamento-tr\/rima\/\" \/>\n<meta property=\"og:locale\" content=\"tr_TR\" \/>\n<meta property=\"og:type\" content=\"article\" \/>\n<meta property=\"og:title\" content=\"Rima | Aiazzone\" \/>\n<meta property=\"og:description\" content=\"Romantik yata\u011f\u0131n\u0131z Rima, klasik ve hafif stili bir arada sunuyor. Zarif ve davetkar, odan\u0131za \u015f\u0131k bir dokunu\u015f katacakt\u0131r. \u00c7evrimi\u00e7i katalo\u011fumuzdaki \u00f6zelliklere g\u00f6z at\u0131n.\" \/>\n<meta property=\"og:url\" content=\"https:\/\/aiazzone1950.com\/tr\/negozio\/arredamento-tr\/rima\/\" \/>\n<meta property=\"og:site_name\" content=\"Aiazzone\" \/>\n<meta property=\"article:publisher\" content=\"https:\/\/www.facebook.com\/aiazzone1950\" \/>\n<meta property=\"article:modified_time\" content=\"2023-01-20T08:03:27+00:00\" \/>\n<meta property=\"og:image\" content=\"https:\/\/aiazzone1950.com\/wp-content\/uploads\/2023\/01\/aiazzone_shop_letti_rima_01.jpg\" \/>\n\t<meta property=\"og:image:width\" content=\"2500\" \/>\n\t<meta property=\"og:image:height\" content=\"1250\" \/>\n\t<meta property=\"og:image:type\" content=\"image\/jpeg\" \/>\n<meta name=\"twitter:card\" content=\"summary_large_image\" \/>\n<meta name=\"twitter:label1\" content=\"Tahmini okuma s\u00fcresi\" \/>\n\t<meta name=\"twitter:data1\" content=\"1 dakika\" \/>\n<script type=\"application\/ld+json\" class=\"yoast-schema-graph\">{\"@context\":\"https:\/\/schema.org\",\"@graph\":[{\"@type\":\"WebPage\",\"@id\":\"https:\/\/aiazzone1950.com\/tr\/negozio\/arredamento-tr\/rima\/\",\"url\":\"https:\/\/aiazzone1950.com\/tr\/negozio\/arredamento-tr\/rima\/\",\"name\":\"Rima | Aiazzone\",\"isPartOf\":{\"@id\":\"https:\/\/aiazzone1950.com\/#website\"},\"datePublished\":\"2023-01-16T15:01:01+00:00\",\"dateModified\":\"2023-01-20T08:03:27+00:00\",\"description\":\"Romantik yata\u011f\u0131n\u0131z Rima, klasik ve hafif stili bir arada sunuyor. Zarif ve davetkar, odan\u0131za \u015f\u0131k bir dokunu\u015f katacakt\u0131r. \u00c7evrimi\u00e7i katalo\u011fumuzdaki \u00f6zelliklere g\u00f6z at\u0131n.\",\"breadcrumb\":{\"@id\":\"https:\/\/aiazzone1950.com\/tr\/negozio\/arredamento-tr\/rima\/#breadcrumb\"},\"inLanguage\":\"tr\",\"potentialAction\":[{\"@type\":\"ReadAction\",\"target\":[\"https:\/\/aiazzone1950.com\/tr\/negozio\/arredamento-tr\/rima\/\"]}]},{\"@type\":\"BreadcrumbList\",\"@id\":\"https:\/\/aiazzone1950.com\/tr\/negozio\/arredamento-tr\/rima\/#breadcrumb\",\"itemListElement\":[{\"@type\":\"ListItem\",\"position\":1,\"name\":\"Home\",\"item\":\"https:\/\/aiazzone1950.com\/\"},{\"@type\":\"ListItem\",\"position\":2,\"name\":\"Catalogo\",\"item\":\"https:\/\/aiazzone1950.com\/negozio\/\"},{\"@type\":\"ListItem\",\"position\":3,\"name\":\"Rima\"}]},{\"@type\":\"WebSite\",\"@id\":\"https:\/\/aiazzone1950.com\/#website\",\"url\":\"https:\/\/aiazzone1950.com\/\",\"name\":\"Aiazzone\",\"description\":\"Provare per credere\",\"publisher\":{\"@id\":\"https:\/\/aiazzone1950.com\/#organization\"},\"potentialAction\":[{\"@type\":\"SearchAction\",\"target\":{\"@type\":\"EntryPoint\",\"urlTemplate\":\"https:\/\/aiazzone1950.com\/?s={search_term_string}\"},\"query-input\":\"required name=search_term_string\"}],\"inLanguage\":\"tr\"},{\"@type\":\"Organization\",\"@id\":\"https:\/\/aiazzone1950.com\/#organization\",\"name\":\"Aiazzone\",\"url\":\"https:\/\/aiazzone1950.com\/\",\"logo\":{\"@type\":\"ImageObject\",\"inLanguage\":\"tr\",\"@id\":\"https:\/\/aiazzone1950.com\/#\/schema\/logo\/image\/\",\"url\":\"https:\/\/aiazzone1950.com\/wp-content\/uploads\/2022\/10\/LogoAiazzone.svg\",\"contentUrl\":\"https:\/\/aiazzone1950.com\/wp-content\/uploads\/2022\/10\/LogoAiazzone.svg\",\"caption\":\"Aiazzone\"},\"image\":{\"@id\":\"https:\/\/aiazzone1950.com\/#\/schema\/logo\/image\/\"},\"sameAs\":[\"https:\/\/www.instagram.com\/aiazzone1950\/\",\"https:\/\/www.facebook.com\/aiazzone1950\"]}]}<\/script>\n<!-- \/ Yoast SEO plugin. -->","yoast_head_json":{"title":"Rima | Aiazzone","description":"Romantik yata\u011f\u0131n\u0131z Rima, klasik ve hafif stili bir arada sunuyor. Zarif ve davetkar, odan\u0131za \u015f\u0131k bir dokunu\u015f katacakt\u0131r. \u00c7evrimi\u00e7i katalo\u011fumuzdaki \u00f6zelliklere g\u00f6z at\u0131n.","robots":{"index":"index","follow":"follow","max-snippet":"max-snippet:-1","max-image-preview":"max-image-preview:large","max-video-preview":"max-video-preview:-1"},"canonical":"https:\/\/aiazzone1950.com\/tr\/negozio\/arredamento-tr\/rima\/","og_locale":"tr_TR","og_type":"article","og_title":"Rima | Aiazzone","og_description":"Romantik yata\u011f\u0131n\u0131z Rima, klasik ve hafif stili bir arada sunuyor. Zarif ve davetkar, odan\u0131za \u015f\u0131k bir dokunu\u015f katacakt\u0131r. \u00c7evrimi\u00e7i katalo\u011fumuzdaki \u00f6zelliklere g\u00f6z at\u0131n.","og_url":"https:\/\/aiazzone1950.com\/tr\/negozio\/arredamento-tr\/rima\/","og_site_name":"Aiazzone","article_publisher":"https:\/\/www.facebook.com\/aiazzone1950","article_modified_time":"2023-01-20T08:03:27+00:00","og_image":[{"width":2500,"height":1250,"url":"https:\/\/aiazzone1950.com\/wp-content\/uploads\/2023\/01\/aiazzone_shop_letti_rima_01.jpg","type":"image\/jpeg"}],"twitter_card":"summary_large_image","twitter_misc":{"Tahmini okuma s\u00fcresi":"1 dakika"},"schema":{"@context":"https:\/\/schema.org","@graph":[{"@type":"WebPage","@id":"https:\/\/aiazzone1950.com\/tr\/negozio\/arredamento-tr\/rima\/","url":"https:\/\/aiazzone1950.com\/tr\/negozio\/arredamento-tr\/rima\/","name":"Rima | Aiazzone","isPartOf":{"@id":"https:\/\/aiazzone1950.com\/#website"},"datePublished":"2023-01-16T15:01:01+00:00","dateModified":"2023-01-20T08:03:27+00:00","description":"Romantik yata\u011f\u0131n\u0131z Rima, klasik ve hafif stili bir arada sunuyor. Zarif ve davetkar, odan\u0131za \u015f\u0131k bir dokunu\u015f katacakt\u0131r. \u00c7evrimi\u00e7i katalo\u011fumuzdaki \u00f6zelliklere g\u00f6z at\u0131n.","breadcrumb":{"@id":"https:\/\/aiazzone1950.com\/tr\/negozio\/arredamento-tr\/rima\/#breadcrumb"},"inLanguage":"tr","potentialAction":[{"@type":"ReadAction","target":["https:\/\/aiazzone1950.com\/tr\/negozio\/arredamento-tr\/rima\/"]}]},{"@type":"BreadcrumbList","@id":"https:\/\/aiazzone1950.com\/tr\/negozio\/arredamento-tr\/rima\/#breadcrumb","itemListElement":[{"@type":"ListItem","position":1,"name":"Home","item":"https:\/\/aiazzone1950.com\/"},{"@type":"ListItem","position":2,"name":"Catalogo","item":"https:\/\/aiazzone1950.com\/negozio\/"},{"@type":"ListItem","position":3,"name":"Rima"}]},{"@type":"WebSite","@id":"https:\/\/aiazzone1950.com\/#website","url":"https:\/\/aiazzone1950.com\/","name":"Aiazzone","description":"Provare per credere","publisher":{"@id":"https:\/\/aiazzone1950.com\/#organization"},"potentialAction":[{"@type":"SearchAction","target":{"@type":"EntryPoint","urlTemplate":"https:\/\/aiazzone1950.com\/?s={search_term_string}"},"query-input":"required name=search_term_string"}],"inLanguage":"tr"},{"@type":"Organization","@id":"https:\/\/aiazzone1950.com\/#organization","name":"Aiazzone","url":"https:\/\/aiazzone1950.com\/","logo":{"@type":"ImageObject","inLanguage":"tr","@id":"https:\/\/aiazzone1950.com\/#\/schema\/logo\/image\/","url":"https:\/\/aiazzone1950.com\/wp-content\/uploads\/2022\/10\/LogoAiazzone.svg","contentUrl":"https:\/\/aiazzone1950.com\/wp-content\/uploads\/2022\/10\/LogoAiazzone.svg","caption":"Aiazzone"},"image":{"@id":"https:\/\/aiazzone1950.com\/#\/schema\/logo\/image\/"},"sameAs":["https:\/\/www.instagram.com\/aiazzone1950\/","https:\/\/www.facebook.com\/aiazzone1950"]}]}},"_links":{"self":[{"href":"https:\/\/aiazzone1950.com\/tr\/wp-json\/wp\/v2\/product\/1292","targetHints":{"allow":["GET"]}}],"collection":[{"href":"https:\/\/aiazzone1950.com\/tr\/wp-json\/wp\/v2\/product"}],"about":[{"href":"https:\/\/aiazzone1950.com\/tr\/wp-json\/wp\/v2\/types\/product"}],"replies":[{"embeddable":true,"href":"https:\/\/aiazzone1950.com\/tr\/wp-json\/wp\/v2\/comments?post=1292"}],"wp:featuredmedia":[{"embeddable":true,"href":"https:\/\/aiazzone1950.com\/tr\/wp-json\/wp\/v2\/media\/1267"}],"wp:attachment":[{"href":"https:\/\/aiazzone1950.com\/tr\/wp-json\/wp\/v2\/media?parent=1292"}],"wp:term":[{"taxonomy":"product_cat","embeddable":true,"href":"https:\/\/aiazzone1950.com\/tr\/wp-json\/wp\/v2\/product_cat?post=1292"},{"taxonomy":"product_tag","embeddable":true,"href":"https:\/\/aiazzone1950.com\/tr\/wp-json\/wp\/v2\/product_tag?post=1292"}],"curies":[{"name":"wp","href":"https:\/\/api.w.org\/{rel}","templated":true}]}}